{"id":10544,"date":"2020-11-24T15:08:25","date_gmt":"2020-11-24T14:08:25","guid":{"rendered":"http:\/\/neu-dfkschlesien.site\/?page_id=10544"},"modified":"2021-04-28T18:39:38","modified_gmt":"2021-04-28T16:39:38","slug":"nasze-oddzialy","status":"publish","type":"page","link":"https:\/\/dfkschlesien.pl\/de\/nasze-oddzialy\/","title":{"rendered":"Ortsgruppen"},"content":{"rendered":"<p>[vc_row el_class=&#8221;map&#8221;][vc_column][vc_column_text]<\/p>\r\n<p><p><strong>\n            <style>.wpgmza_table_description { display: none; }<\/style>\n            \n            \n            <a name='map10'><\/a>\n            <div class='wpgmza-marker-listing-category-filter' data-map-id='10' id='wpgmza_filter_10' style='text-align:left; margin-bottom:0px;'><span>Filter by<\/span><div style=\"overflow:auto; display:block; width:100%; height:auto; margin-top:10px;\"><div class=\"wpgmza_cat_checkbox_holder wpgmza_cat_checkbox_10\"><ul class=\"wpgmza_cat_ul wpgmza_cat_checkbox_item_holder\"><li class=\"wpgmza_cat_checkbox_item_holder wpgmza_cat_checkbox_item_holder_4\"><input type=\"checkbox\" value=\"4\" class=\"wpgmza_checkbox\" id=\"wpgmza_cat_checkbox_4\" name=\"wpgmza_cat_checkbox\" mid=\"10\"><label for=\"wpgmza_cat_checkbox_4\">Bytom \/ Beuthen (9)<\/label><\/li><li class=\"wpgmza_cat_checkbox_item_holder wpgmza_cat_checkbox_item_holder_5\"><input type=\"checkbox\" value=\"5\" class=\"wpgmza_checkbox\" id=\"wpgmza_cat_checkbox_5\" name=\"wpgmza_cat_checkbox\" mid=\"10\"><label for=\"wpgmza_cat_checkbox_5\">Gliwice \/ Gleiwitz (26)<\/label><\/li><li class=\"wpgmza_cat_checkbox_item_holder wpgmza_cat_checkbox_item_holder_6\"><input type=\"checkbox\" value=\"6\" class=\"wpgmza_checkbox\" id=\"wpgmza_cat_checkbox_6\" name=\"wpgmza_cat_checkbox\" mid=\"10\"><label for=\"wpgmza_cat_checkbox_6\">Zabrze \/ Hindenburg (7)<\/label><\/li><li class=\"wpgmza_cat_checkbox_item_holder wpgmza_cat_checkbox_item_holder_7\"><input type=\"checkbox\" value=\"7\" class=\"wpgmza_checkbox\" id=\"wpgmza_cat_checkbox_7\" name=\"wpgmza_cat_checkbox\" mid=\"10\"><label for=\"wpgmza_cat_checkbox_7\">Katowice \/ Kattowitz (11)<\/label><\/li><li class=\"wpgmza_cat_checkbox_item_holder wpgmza_cat_checkbox_item_holder_8\"><input type=\"checkbox\" value=\"8\" class=\"wpgmza_checkbox\" id=\"wpgmza_cat_checkbox_8\" name=\"wpgmza_cat_checkbox\" mid=\"10\"><label for=\"wpgmza_cat_checkbox_8\">Wodzis\u0142aw \u015al\u0105ski \/ Loslau (5)<\/label><\/li><li class=\"wpgmza_cat_checkbox_item_holder wpgmza_cat_checkbox_item_holder_9\"><input type=\"checkbox\" value=\"9\" class=\"wpgmza_checkbox\" id=\"wpgmza_cat_checkbox_9\" name=\"wpgmza_cat_checkbox\" mid=\"10\"><label for=\"wpgmza_cat_checkbox_9\">Racib\u00f3rz \/ Ratibor (35)<\/label><\/li><li class=\"wpgmza_cat_checkbox_item_holder wpgmza_cat_checkbox_item_holder_10\"><input type=\"checkbox\" value=\"10\" class=\"wpgmza_checkbox\" id=\"wpgmza_cat_checkbox_10\" name=\"wpgmza_cat_checkbox\" mid=\"10\"><label for=\"wpgmza_cat_checkbox_10\">Rybnik (6)<\/label><\/li><li class=\"wpgmza_cat_checkbox_item_holder wpgmza_cat_checkbox_item_holder_11\"><input type=\"checkbox\" value=\"11\" class=\"wpgmza_checkbox\" id=\"wpgmza_cat_checkbox_11\" name=\"wpgmza_cat_checkbox\" mid=\"10\"><label for=\"wpgmza_cat_checkbox_11\">Tychy \/ Tichau (4)<\/label><\/li><li class=\"wpgmza_cat_checkbox_item_holder wpgmza_cat_checkbox_item_holder_12\"><input type=\"checkbox\" value=\"12\" class=\"wpgmza_checkbox\" id=\"wpgmza_cat_checkbox_12\" name=\"wpgmza_cat_checkbox\" mid=\"10\"><label for=\"wpgmza_cat_checkbox_12\">Beskid \u015al\u0105ski \/ Beskidenland (4)<\/label><\/li><\/ul><\/div><\/div><\/div>\n            \n            \n            \n            <div class=\"wpgmza_map \"  id=\"wpgmza_map_10\" style=\"display:block; overflow:auto; width:100%; height:550px; float:left;\" data-settings='{\"id\":\"10\",\"map_title\":\"Marker Listing Map\",\"map_width\":\"100\",\"map_height\":\"550\",\"map_start_lat\":\"50.39212340000003\",\"map_start_lng\":\"18.827815600000015\",\"map_start_location\":\"50.18484310762417,18.7914259140625\",\"map_start_zoom\":\"9\",\"default_marker\":\"\",\"type\":\"4\",\"alignment\":\"3\",\"directions_enabled\":\"1\",\"styling_enabled\":\"0\",\"styling_json\":\"\",\"active\":\"0\",\"kml\":\"\",\"bicycle\":\"0\",\"traffic\":\"0\",\"dbox\":\"1\",\"dbox_width\":\"100\",\"listmarkers\":\"0\",\"listmarkers_advanced\":\"0\",\"filterbycat\":\"1\",\"ugm_enabled\":\"0\",\"ugm_category_enabled\":\"0\",\"fusion\":\"\",\"map_width_type\":\"%\",\"map_height_type\":\"px\",\"mass_marker_support\":\"0\",\"ugm_access\":\"0\",\"order_markers_by\":\"2\",\"order_markers_choice\":\"1\",\"show_user_location\":\"0\",\"default_to\":\"\",\"other_settings\":{\"store_locator_style\":\"legacy\",\"wpgmza_store_locator_radius_style\":\"legacy\",\"directions_box_style\":\"modern\",\"show_distance_from_location\":false,\"map_max_zoom\":\"3\",\"map_min_zoom\":\"21\",\"sl_stroke_color\":\"#000000\",\"sl_stroke_opacity\":\"\",\"sl_fill_color\":\"#000000\",\"sl_fill_opacity\":\"\",\"jump_to_nearest_marker_on_initialization\":false,\"automatically_pan_to_users_location\":false,\"override_users_location_zoom_level\":false,\"click_open_link\":true,\"hide_point_of_interest\":false,\"fit_maps_bounds_to_markers\":false,\"fit_maps_bounds_to_markers_after_filtering\":false,\"wpgmza_auto_night\":0,\"transport_layer\":false,\"polygon_labels\":false,\"enable_marker_ratings\":false,\"iw_primary_color\":\"2A3744\",\"iw_accent_color\":\"252F3A\",\"iw_text_color\":\"FFFFFF\",\"wpgmza_iw_type\":\"0\",\"list_markers_by\":\"2\",\"push_in_map\":\"\",\"push_in_map_placement\":\"9\",\"wpgmza_push_in_map_width\":\"600\",\"wpgmza_push_in_map_height\":\"400\",\"wpgmza_theme_data\":\"\",\"upload_default_ul_marker\":\"\",\"upload_default_sl_marker\":\"\",\"wpgmza_dbox_width_type\":\"%\",\"default_from\":\"\",\"directions_behaviour\":\"default\",\"force_google_directions_app\":false,\"directions_route_origin_icon\":\"https:\\\/\\\/neu-dfkschlesien.site\\\/wp-content\\\/plugins\\\/wp-google-maps\\\/images\\\/spotlight-poi2.png\",\"retina\":false,\"directions_route_destination_icon\":\"https:\\\/\\\/neu-dfkschlesien.site\\\/wp-content\\\/plugins\\\/wp-google-maps\\\/images\\\/spotlight-poi2.png\",\"directions_route_stroke_color\":\"#4f8df5\",\"directions_route_stroke_weight\":\"4\",\"directions_route_stroke_opacity\":\"0.8\",\"enable_advanced_custom_fields_integration\":false,\"enable_toolset_woocommerce_integration\":false,\"shortcodeAttributes\":{\"id\":\"10\"},\"action\":\"wpgmza_save_map\",\"redirect_to\":\"\\\/wp-admin\\\/admin-post.php\",\"map_id\":\"10\",\"http_referer\":\"\\\/wp-admin\\\/admin.php?page=wp-google-maps-menu&amp;action=edit&amp;map_id=10\",\"wpgmza_id\":\"10\",\"wpgmza_start_location\":\"50.39212340000003,18.827815600000015\",\"wpgmza_start_zoom\":\"9\",\"directions_origin_retina\":false,\"directions_destination_retina\":false,\"directions_fit_bounds_to_route\":false,\"store_locator_enabled\":false,\"store_locator_search_area\":\"radial\",\"wpgmza_store_locator_default_radius\":\"10\",\"store_locator_auto_area_max_zoom\":\"\",\"wpgmza_store_locator_restrict\":\"\",\"store_locator_distance\":false,\"wpgmza_store_locator_position\":false,\"store_locator_show_distance\":false,\"store_locator_category\":false,\"wpgmza_store_locator_use_their_location\":false,\"wpgmza_store_locator_bounce\":false,\"wpgmza_sl_animation\":\"0\",\"wpgmza_store_locator_hide_before_search\":false,\"store_locator_query_string\":\"\",\"store_locator_default_address\":\"\",\"store_locator_name_search\":false,\"store_locator_name_string\":\"\",\"store_locator_not_found_message\":\"\",\"wpgmza_map_align\":\"1\",\"override_users_location_zoom_levels\":\"\",\"wpgmza_zoom_on_marker_click\":false,\"wpgmza_zoom_on_marker_click_slider\":\"\",\"close_infowindow_on_map_click\":false,\"disable_lightbox_images\":false,\"use_Raw_Jpeg_Coordinates\":false,\"disable_polygon_info_windows\":false,\"only_load_markers_within_viewport\":false,\"wpgmza_listmarkers_by\":\"2\",\"wpgmza_marker_listing_position\":false,\"wpgmza_push_in_map\":false,\"wpgmza_push_in_map_placement\":\"1\",\"datatable_no_result_message\":\"\",\"remove_search_box_datables\":false,\"dataTable_pagination_style\":\"default\",\"datatable_search_string\":\"\",\"datatable_result_start\":\"\",\"datatable_result_of\":\"\",\"datatable_result_to\":\"\",\"datatable_result_total\":\"\",\"datatable_result_show\":\"\",\"datatable_result_entries\":\"\",\"wpgmza_savemap\":\"Zapisz map\\u0119 \\u00bb\"}}' data-map-id='10' data-shortcode-attributes='{\"id\":\"10\"}'> <\/div>\n            \n            <div data-wpgmza-table data-wpgmza-php-class=\"WPGMZA\\MarkerListing\\AdvancedTable\" data-wpgmza-rest-api-route=\"\/datatables\/\" data-wpgmza-datatable=\"true\" data-wpgmza-pro-datatable=\"true\" data-wpgmza-feature-type=\"marker\" data-order-json='[[1,\"asc\"]]' id=\"wpgmza_marker_holder_10\" class=\"wpgmza_marker_holder\" style=\"width:100%;\" data-wpgmza-ajax-parameters='{\"map_id\":\"10\"}'>\r\n\t\t\t<table class=\"responsive wpgmza_table\" id=\"wpgmza_table_10\" cellspacing=\"0\" cellpadding=\"0\" style=\"width:100%;\">\r\n\t\t\t\t<thead>\r\n\t\t\t\t<th data-wpgmza-column-name=\"icon\" id=\"wpgmza_map_list_icon\" class=\"wpgmza_table_marker\"><\/th><th data-wpgmza-column-name=\"title\" id=\"wpgmza_map_list_title\" class=\"all wpgmza_table_title\">Title<\/th><th data-wpgmza-column-name=\"category\" id=\"wpgmza_map_list_category\" class=\"wpgmza_table_category\">Category<\/th><th data-wpgmza-column-name=\"address\" id=\"wpgmza_map_list_address\" class=\"wpgmza_table_address\">Address<\/th><th data-wpgmza-column-name=\"link\" id=\"wpgmza_map_list_link\" class=\"wpgmza_table_link\">Link<\/th><\/thead>\r\n\t\t\t\t\r\n\t\t\t<\/table>\r\n\t\t<\/div>   \n        <div style=\"display:block; width:100%;\">\n\t\t\t\t\n\t\t\t\t<div class=\"wpgmza-directions-box wpgmaps_directions_outer_div style-modern\" data-map-id=\"10\" style=\"width:100%;float:left;overflow:auto;\" id=\"wpgmaps_directions_edit_10\">\n\t<h2 class=\"wpgmza-directions-box__title\">Get Directions<\/h2>\n\t\n\t<div class=\"wpgmza-directions-box-inner\" id=\"wpgmaps_directions_editbox_10\">\n\t\t<div class=\"wpgmza-directions-actions wpgmza-form-field\">\n\t\t\t<div class=\"wpgmza-directions__travel-mode\">\n\t\t\t\t<span class=\"wpgmza-travel-mode-option wpgmza-travel-option__selected\" data-mode=\"driving\">\n\t\t\t\t\t<img src=\"https:\/\/dfkschlesien.pl\/wp-content\/plugins\/wp-google-maps-pro-update\/images\/icons\/directions_car.png\">\n\t\t\t\t<\/span>\n\t\t\t\t<span class=\"wpgmza-travel-mode-option\" data-mode=\"walking\">\n\t\t\t\t\t<img src=\"https:\/\/dfkschlesien.pl\/wp-content\/plugins\/wp-google-maps-pro-update\/images\/icons\/directions_walking.png\">\n\t\t\t\t<\/span>\n\t\t\t\t<span class=\"wpgmza-travel-mode-option\" data-mode=\"transit\">\n\t\t\t\t\t<img src=\"https:\/\/dfkschlesien.pl\/wp-content\/plugins\/wp-google-maps-pro-update\/images\/icons\/directions_transit.png\">\n\t\t\t\t<\/span>\n\t\t\t\t<span class=\"wpgmza-travel-mode-option\" data-mode=\"bicycling\">\n\t\t\t\t\t<img src=\"https:\/\/dfkschlesien.pl\/wp-content\/plugins\/wp-google-maps-pro-update\/images\/icons\/directions_bike.png\">\n\t\t\t\t<\/span>\n\t\t\t<\/div>\n\n\t\t\t<div class=\"wpgmza-directions-locations\">\n\t\t\t\t<div class=\"wpgmza-directions-from wpgmza-form-field\">\n\n\t\t\t\t\t<i class=\"wpgmza-directions-from__icon fa fa-circle\"><\/i>\n\t\t\t\n\t\t\t\t\t<label class=\"wpgmza-form-field__label\" for=\"wpgmza_input_from_10\">\n\t\t\t\t\t\tFrom\t\t\t\t\t<\/label>\n\t\t\t\t\t\n\t\t\t\t\t<input class=\"wpgmza-address wpgmza-directions-from wpgmza-form-field__input\" type=\"text\" placeholder=\"From\" value=\"\" id=\"wpgmza_input_from_10\" style=\"width:80%;\">\n\t\t\t\t\n\t\t\t\t<\/div>\n\n\t\t\t\t<div class=\"wpgmza-directions-to wpgmza-form-field wpgmaps_to_row\">\n\n\t\t\t\t\t<i class=\"wpgmza-directions-to__icon fa fas fa-map-marker\"><\/i>\n\n\t\t\t\t\t<label class=\"wpgmza-form-field__label\" for=\"wpgmza_input_to_10\">\n\t\t\t\t\t\tTo\t\t\t\t\t<\/label>\n\t\t\t\t\t<input class=\"wpgmza-address wpgmza-form-field__input wpgmza-directions-to\" type=\"text\" placeholder=\"To\" value=\"\" id=\"wpgmza_input_to_10\" style=\"width:80%;\">\n\t\t\t\t<\/div>\n\t\t\t\t\n\t\t\t\t<div class=\"wpgmza-waypoint-via wpgmza-form-field wpgmza-form-field--no-pad wpgmaps_via wpgmaps_template\">\n\n\t\t\t\t\t<i class=\"wpgmza-directions-from__icon fa fa-circle\"><\/i>\n\t\t\t\t\n\t\t\t\t\t<input class=\"wpgmza-waypoint-via wpgmza-form-field__input wpgmaps_via\" type=\"text\" placeholder=\"Via\">\n\t\t\t\t\t\n\t\t\t\t\t<button href=\"javascript:%20;\" class=\"wpgmza_remove_via\">\n\t\t\t\t\t\t<i class=\"fa fa-times\"><\/i>\n\t\t\t\t\t<\/button>\n\t\t\t\t\t\n\t\t\t\t<\/div>\n\t\t\t\t\n\t\t\t\t<div class=\"wpgmza-add-waypoint wpgmza-form-field wpgmza-form-field--no-pad wpgmaps_add_waypoint\">\n\t\t\t\t\t<div class=\"wpgmaps_add_waypoint\">\n\t\t\t\t\t\t<a href=\"javascript:%20;\" class=\"wpgmaps_add_waypoint\" mapid=\"10\">\n\t\t\t\t\t\t\t<i class=\"fa fa-plus-circle\" aria-hidden=\"true\"><\/i>\n\t\t\t\t\t\t\tAdd Waypoint\t\t\t\t\t\t<\/a>\n\t\t\t\t\t<\/div>\n\t\t\t\t<\/div>\n\t\t\t<\/div>\n\n\t\t\t<div class=\"wpgmza-hidden\">\n\t\t\t<label class=\"wpgmza-travel-mode wpgmza-form-field__label\" for=\"wpgmza_dir_type_10\">\n\t\t\t\tFor\t\t\t<\/label>\n\t\t\t<select class=\"wpgmza-travel-mode wpgmza-form-field__input\" name=\"wpgmza_dir_type_10\" id=\"wpgmza_dir_type_10\">\n\t\t\t\t<option value=\"driving\">\n\t\t\t\t\tDriving\t\t\t\t<\/option>\n\t\t\t\t<option value=\"walking\">\n\t\t\t\t\tWalking\t\t\t\t<\/option>\n\t\t\t\t<option value=\"transit\">\n\t\t\t\t\tTransit\t\t\t\t<\/option>\n\t\t\t\t<option value=\"bicycling\">\n\t\t\t\t\tBicycling\t\t\t\t<\/option>\n\t\t\t<\/select>\n\t\t\t<\/div>\n\t\t<\/div>\n\t\t\t\n\t\t<div class=\"wpgmza-directions-options__section\">\n\t\t\t<a href=\"javascript:;\" class=\"wpgmza-show-directions-options\" id=\"wpgmza_show_options_10\" mapid=\"10\">\n\t\t\t\tshow options\t\t\t<\/a>\n\t\t\t\n\t\t\t<a href=\"javascript:;\" class=\"wpgmza-hide-directions-options\" id=\"wpgmza_hide_options_10\" mapid=\"10\">\n\t\t\t\thide options\t\t\t<\/a>\n\t\t\t\n\t\t\t<div class=\"wpgmza-directions-options wpgmza-form-field wpgmza-form-field--no-pad wpgmza_dir_options\">\n\t\t\t\t<label class=\"class\">\n\t\t\t\t\t<input type=\"checkbox\" class=\"wpgmza-avoid-tolls\" value=\"tolls\" name=\"wpgmza_tolls_10\" id=\"wpgmza_tolls_10\">\n\t\t\t\t\tAvoid Tolls\t\t\t\t<\/label>\n\t\t\t\t<label class=\"class\">\n\t\t\t\t\t<input type=\"checkbox\" class=\"wpgmza-avoid-highways\" value=\"highways\" name=\"wpgmza_highways_10\" id=\"wpgmza_highways_10\">\n\t\t\t\t\tAvoid Highways\t\t\t\t<\/label>\n\t\t\t\t<label class=\"class\">\n\t\t\t\t\t<input type=\"checkbox\" class=\"wpgmza-avoid-ferries\" value=\"ferries\" name=\"wpgmza_ferries_10\" id=\"wpgmza_ferries_10\">\n\t\t\t\t\tAvoid Ferries\t\t\t\t<\/label>\n\t\t\t<\/div>\n\t\t<\/div>\n\t\t\n\t<\/div>\n\t\n\t<div class=\"wpgmza-directions-buttons wpgmza-form-field wpgmaps_to_row\">\n\t\t<input class=\"wpgmza-get-directions wpgmaps_get_directions\" onclick=\"javascript: ;\" type=\"button\" value=\"Go\" id=\"10\">\n\t\t\n\t\t<span class=\"wpgmza-directions-result__buttons\">\n\t\t\t<a class=\"wpgmza-print-directions\" style=\"display: none;\" onclick=\"javascript: ;\" mapid=\"10\">\n\t\t\t\tPrint directions\t\t\t<\/a>\n\t\t\t\n\t\t\t<a class=\"wpgmza-reset-directions\" style=\"display: none;\" onclick=\"javascript: ;\" mapid=\"10\">\n\t\t\t\tReset directions\t\t\t<\/a>\n\t\t<\/span>\n\t<\/div>\n<\/div>\n\t\t\t\t\n\t\t\t\t<div id=\"wpgmaps_directions_notification_10\" style=\"display:none;\">Fetching directions......<\/div>\n\t\t\t\t\n\t\t\t\t<div id=\"wpgmaps_directions_reset_10\" style=\"display:none;\">\n\n\t\t\t\t\t<a href='javascript:void(0)' onclick='wpgmza_reset_directions(10);' id='wpgmaps_reset_directions' title='Reset directions'>Reset directions<\/a>\n\t\t\t\t\t<br \/>\n\t\t\t\t\t<a href='javascript: ;' id='wpgmaps_print_directions_10' target='_blank' title='Print directions'>Print directions<\/a>\n\t\t\t\t<\/div>\n\t\t\t\t\n\t\t\t\t<div id=\"directions_panel_10\"><\/div>\n\n\t\t\t<\/div><\/strong><\/p>\n<p>\n[\/vc_column_text][\/vc_column][\/vc_row]<\/p>","protected":false},"excerpt":{"rendered":"<p>[vc_row el_class=&#8221;map&#8221;][vc_column][vc_column_text] [\/vc_column_text][\/vc_column][\/vc_row]<\/p>\n","protected":false},"author":1,"featured_media":0,"parent":0,"menu_order":0,"comment_status":"closed","ping_status":"closed","template":"","meta":[],"_links":{"self":[{"href":"https:\/\/dfkschlesien.pl\/de\/wp-json\/wp\/v2\/pages\/10544"}],"collection":[{"href":"https:\/\/dfkschlesien.pl\/de\/wp-json\/wp\/v2\/pages"}],"about":[{"href":"https:\/\/dfkschlesien.pl\/de\/wp-json\/wp\/v2\/types\/page"}],"author":[{"embeddable":true,"href":"https:\/\/dfkschlesien.pl\/de\/wp-json\/wp\/v2\/users\/1"}],"replies":[{"embeddable":true,"href":"https:\/\/dfkschlesien.pl\/de\/wp-json\/wp\/v2\/comments?post=10544"}],"version-history":[{"count":43,"href":"https:\/\/dfkschlesien.pl\/de\/wp-json\/wp\/v2\/pages\/10544\/revisions"}],"predecessor-version":[{"id":11582,"href":"https:\/\/dfkschlesien.pl\/de\/wp-json\/wp\/v2\/pages\/10544\/revisions\/11582"}],"wp:attachment":[{"href":"https:\/\/dfkschlesien.pl\/de\/wp-json\/wp\/v2\/media?parent=10544"}],"curies":[{"name":"wp","href":"https:\/\/api.w.org\/{rel}","templated":true}]}}