{"id":10687,"date":"2020-11-27T12:38:42","date_gmt":"2020-11-27T11:38:42","guid":{"rendered":"https:\/\/neu-dfkschlesien.site\/?page_id=10687"},"modified":"2021-05-04T17:01:40","modified_gmt":"2021-05-04T15:01:40","slug":"dodaj-wydarzenie","status":"publish","type":"page","link":"https:\/\/dfkschlesien.pl\/de\/dodaj-wydarzenie\/","title":{"rendered":"Gebe das Ereignis aus deinem DFK-Kreis an"},"content":{"rendered":"<p>[vc_row][vc_column]\n                <div class='gf_browser_gecko gform_wrapper gravity-theme' id='gform_wrapper_5' ><div id='gf_5' class='gform_anchor' tabindex='-1'><\/div>\n                        <div class='gform_heading'>\n                            <span class='gform_description'><\/span>\n                        <\/div><form method='post' enctype='multipart\/form-data'  id='gform_5'  action=\"\/de\/wp-json\/wp\/v2\/pages\/10687#gf_5\" novalidate><div id='gf_page_steps_5' class='gf_page_steps'><div id='gf_step_5_1' class='gf_step gf_step_active gf_step_first'><span class='gf_step_number'>1<\/span><span class='gf_step_label'>Krok  - wersja polska wiadomo\u015bci<\/span><\/div><div id='gf_step_5_2' class='gf_step gf_step_last gf_step_next gf_step_pending'><span class='gf_step_number'>2<\/span><span class='gf_step_label'>Krok - wersja niemiecka wiadomo\u015bci<\/span><\/div><\/div>\n                        <div class='gform_body gform-body'><div id='gform_page_5_1' class='gform_page' >\n                                    <div class='gform_page_fields'><div id='gform_fields_5' class='gform_fields top_label form_sublabel_below description_below'><div id=\"field_5_34\" class=\"gfield gfield--width-full gfield_html gfield_no_follows_desc field_sublabel_below field_description_below gfield_visibility_visible\" >Pami\u0119taj o polskiej i niemieckiej wersji wydarzenia! W kroku pierwszym dodaj polsk\u0105 wersj\u0119 wydarzenia, natomiast w kroku drugim niemieck\u0105.\n<br>\n* Je\u017celi dodasz tekst tylko w jednym j\u0119zyku, nie gwarantujemy, \u017ce Twoja wiadomo\u015b\u0107 zostanie opublikowana na stronie. \n<br><br>\nBitte vergiss nicht die Nachricht in zwei Sprachen zu verfassen! Im Schritt 1. gibst Du die polnische Version ein, im Schritt 2. die deutsche Version.\n<br>\n* Wenn Du den Text nur in einer Sprache angibst, garantieren wir nicht das deine Nachricht publiziert wird.<\/div><div id=\"field_5_1\" class=\"gfield gfield_contains_required field_sublabel_below field_description_below gfield_visibility_visible\" ><label class='gfield_label' for='input_5_1' >Tytu\u0142 \/ Titel:<span class=\"gfield_required\"><span class=\"gfield_required gfield_required_text\">(Required)<\/span><\/span><\/label><div class='ginput_container ginput_container_post_title'>\n\t\t\t\t\t<input name='input_1' id='input_5_1' type='text' value='' class='medium'   aria-required=\"true\" aria-invalid=\"false\" aria-describedby=\"gfield_description_5_1\" \/>\n\t\t\t\t<\/div><div class='gfield_description' id='gfield_description_5_1'>Dodaj tytu\u0142, np. Spotkanie adwentowe w DFK Opole \/ Gebe den Titel ein z.B. Adventsfeier im DFK Oppeln.<\/div><\/div><div id=\"field_5_2\" class=\"gfield txt-3 gfield_contains_required field_sublabel_below field_description_below gfield_visibility_visible\" ><label class='gfield_label' for='input_5_2' >Tre\u015b\u0107 \/ Inhalt<span class=\"gfield_required\"><span class=\"gfield_required gfield_required_text\">(Required)<\/span><\/span><\/label><div class='ginput_container ginput_container_textarea'><textarea name='input_2' id='input_5_2' class='textarea medium'  aria-describedby=\"gfield_description_5_2\"   aria-required=\"true\" aria-invalid=\"false\"   rows='10' cols='50'><\/textarea><\/div><div class='gfield_description' id='gfield_description_5_2'>Podaj pe\u0142n\u0105 informacj\u0119. Staraj si\u0119 sprawdzi\u0107 b\u0142\u0119dy. Mo\u017cesz pogrubi\u0107 fragment tekstu, wypunktowa\u0107 lub wyliczy\u0107 jego cz\u0119\u015b\u0107, doda\u0107 lub usun\u0105\u0107 link. \/ Gebe die ganze Information an. Bitte pr\u00fcfe die Fehler. Du kannst den Text dicker machen, Stichpunkte verwenden, oder ein Link zugeben.<\/div><\/div><fieldset id=\"field_5_3\" class=\"gfield field_sublabel_below field_description_below gfield_visibility_visible\" ><legend class='gfield_label'  >Zdj\u0119cie do tekstu \/ Bild zum Text<\/legend><div class='ginput_complex ginput_container ginput_container_post_image'><span class='ginput_full'><input name='input_3' id='input_5_3' type='file' class='medium'   aria-invalid=\"false\" aria-describedby=\"extensions_message_5_3 gfield_description_5_3\" \/><span id='extensions_message_5_3'>Accepted file types: jpg, jpeg, png, gif.<\/span><\/span><\/div><div class='gfield_description' id='gfield_description_5_3'>Zdj\u0119cie pojawi si\u0119 zar\u00f3wno w polskiej jak i niemieckiej wersji newsa. \/ Das Bild wird in der polnischen und deutschen Version angezeigt.<\/div><\/fieldset><div id=\"field_5_29\" class=\"gfield field_sublabel_below field_description_below gfield_visibility_visible\" ><label class='gfield_label' for='input_5_29' >Podpis zdj\u0119cia \/ Titel des Bildes<\/label><div class='ginput_container ginput_container_text'><input name='input_29' id='input_5_29' type='text' value='' class='medium'      aria-invalid=\"false\"   \/> <\/div><\/div><div id=\"field_5_30\" class=\"gfield field_sublabel_below field_description_below gfield_visibility_visible\" ><label class='gfield_label' for='input_5_30' >Autor zdj\u0119cia \/ Autor des Bildes<\/label><div class='ginput_container ginput_container_text'><input name='input_30' id='input_5_30' type='text' value='' class='medium'      aria-invalid=\"false\"   \/> <\/div><\/div><div id=\"field_5_33\" class=\"gfield gfield--width-full gfield_contains_required field_sublabel_below field_description_below gfield_visibility_visible\" ><label class='gfield_label' for='input_5_33' >Wybierz swoje DFK \/ W\u00e4hle dein DFK aus<span class=\"gfield_required\"><span class=\"gfield_required gfield_required_text\">(Required)<\/span><\/span><\/label><div class='ginput_container ginput_container_select'><select name='input_33' id='input_5_33' class='medium gfield_select'    aria-required=\"true\" aria-invalid=\"false\" ><option value='115' >Beskidenland<\/option><option value='116' >Beuthen<\/option><option value='117' >Gleiwitz<\/option><option value='118' >Kattowitz<\/option><option value='119' >Ratibor<\/option><option value='120' >Rybnik<\/option><option value='121' >Tichau<\/option><option value='122' >Loslau<\/option><option value='1' >Hindenburg<\/option><\/select><\/div><\/div><div id=\"field_5_5\" class=\"gfield field_sublabel_below field_description_below gfield_visibility_visible\" ><label class='gfield_label' for='input_5_5' >Miejsce wydarzenia \/ Ort der Veranstalltung:<\/label><div class='ginput_container ginput_container_text'><input name='input_5' id='input_5_5' type='text' value='' class='medium'      aria-invalid=\"false\"   \/> <\/div><\/div><div id=\"field_5_19\" class=\"gfield field_sublabel_below field_description_below gfield_visibility_visible\" ><label class='gfield_label' for='input_5_19' >Od \/ Von:<\/label><div class='ginput_container ginput_container_date'>\n                            <input name='input_19' id='input_5_19' type='text' value='' class='datepicker dmy datepicker_with_icon gdatepicker_with_icon'   placeholder='dd\/mm\/yyyy' aria-describedby=\"input_5_19_date_format\" aria-invalid=\"false\" \/>\n                            <span id='input_5_19_date_format' class='screen-reader-text'>DD slash MM slash YYYY<\/span>\n                        <\/div>\n                        <input type='hidden' id='gforms_calendar_icon_input_5_19' class='gform_hidden' value='https:\/\/dfkschlesien.pl\/wp-content\/plugins\/gravityforms\/images\/datepicker\/datepicker.svg'\/><\/div><div id=\"field_5_20\" class=\"gfield field_sublabel_below field_description_below gfield_visibility_visible\" ><label class='gfield_label' for='input_5_20' >Do \/ Bis:<\/label><div class='ginput_container ginput_container_date'>\n                            <input name='input_20' id='input_5_20' type='text' value='' class='datepicker dmy datepicker_with_icon gdatepicker_with_icon'   placeholder='dd\/mm\/yyyy' aria-describedby=\"input_5_20_date_format\" aria-invalid=\"false\" \/>\n                            <span id='input_5_20_date_format' class='screen-reader-text'>DD slash MM slash YYYY<\/span>\n                        <\/div>\n                        <input type='hidden' id='gforms_calendar_icon_input_5_20' class='gform_hidden' value='https:\/\/dfkschlesien.pl\/wp-content\/plugins\/gravityforms\/images\/datepicker\/datepicker.svg'\/><\/div><div id=\"field_5_7\" class=\"gfield gfield_contains_required field_sublabel_below field_description_below gfield_visibility_visible\" ><label class='gfield_label' for='input_5_7' >Imi\u0119 i nazwisko autora tekstu\/ Name des Autors<span class=\"gfield_required\"><span class=\"gfield_required gfield_required_text\">(Required)<\/span><\/span><\/label><div class='ginput_container ginput_container_text'><input name='input_7' id='input_5_7' type='text' value='' class='medium'     aria-required=\"true\" aria-invalid=\"false\"   \/> <\/div><\/div><div id=\"field_5_8\" class=\"gfield gfield_contains_required field_sublabel_below field_description_below gfield_visibility_visible\" ><label class='gfield_label' for='input_5_8' >E-mail autora tekstu \/ E-Mail vom Autor<span class=\"gfield_required\"><span class=\"gfield_required gfield_required_text\">(Required)<\/span><\/span><\/label><div class='ginput_container ginput_container_text'><input name='input_8' id='input_5_8' type='text' value='' class='medium'     aria-required=\"true\" aria-invalid=\"false\"   \/> <\/div><\/div><\/div>\n                    <\/div>\n                    <div class='gform_page_footer top_label'>\n                         <input type='image' src='http:\/\/skgd.pl\/dalej.png' id='gform_next_button_5_21' class='gform_next_button gform_image_button' alt='Next Page'  onclick='jQuery(\"#gform_target_page_number_5\").val(\"2\");  jQuery(\"#gform_5\").trigger(\"submit\",[true]); ' onkeypress='if( event.keyCode == 13 ){ jQuery(\"#gform_target_page_number_5\").val(\"2\");  jQuery(\"#gform_5\").trigger(\"submit\",[true]); } ' \/> \n                    <\/div>\n                <\/div>\n                <div id='gform_page_5_2' class='gform_page' style='display:none;'>\n                    <div class='gform_page_fields'>\n                        <div id='gform_fields_5_2' class='gform_fields top_label form_sublabel_below description_below'><div id=\"field_5_18\" class=\"gfield gsection field_sublabel_below field_description_below gfield_visibility_visible\" ><h3 class=\"gsection_title\">Tre\u015b\u0107 wiadomo\u015bci (wersja niemiecka)<\/h3><\/div><div id=\"field_5_9\" class=\"gfield gfield_contains_required field_sublabel_below field_description_below gfield_visibility_visible\" ><label class='gfield_label' for='input_5_9' >Niemiecki tytu\u0142 \/ Deutscher Tietel<span class=\"gfield_required\"><span class=\"gfield_required gfield_required_text\">(Required)<\/span><\/span><\/label><div class='ginput_container ginput_container_text'><input name='input_9' id='input_5_9' type='text' value='' class='medium'     aria-required=\"true\" aria-invalid=\"false\"   \/> <\/div><\/div><div id=\"field_5_10\" class=\"gfield gfield_contains_required field_sublabel_below field_description_below gfield_visibility_visible\" ><label class='gfield_label' for='input_5_10' >Niemiecka tre\u015b\u0107 \/  Deutscher Inhalt<span class=\"gfield_required\"><span class=\"gfield_required gfield_required_text\">(Required)<\/span><\/span><\/label><div class='ginput_container ginput_container_textarea'><textarea name='input_10' id='input_5_10' class='textarea medium'     aria-required=\"true\" aria-invalid=\"false\"   rows='10' cols='50'><\/textarea><\/div><\/div><div id=\"field_5_32\" class=\"gfield gfield_contains_required field_sublabel_below field_description_below gfield_visibility_visible\" ><label class='gfield_label' for='input_5_32' >Nazwa miejscowo\u015bci po niemiecku \/ Ortsname auf deutsch<span class=\"gfield_required\"><span class=\"gfield_required gfield_required_text\">(Required)<\/span><\/span><\/label><div class='ginput_container ginput_container_text'><input name='input_32' id='input_5_32' type='text' value='' class='medium'     aria-required=\"true\" aria-invalid=\"false\"   \/> <\/div><\/div><div id=\"field_5_31\" class=\"gfield gfield_contains_required field_sublabel_below field_description_below gfield_visibility_visible\" ><label class='gfield_label' for='input_5_31' >Podpis zdj\u0119cia po niemiecku \/ Bildtitel auf deutsch<span class=\"gfield_required\"><span class=\"gfield_required gfield_required_text\">(Required)<\/span><\/span><\/label><div class='ginput_container ginput_container_text'><input name='input_31' id='input_5_31' type='text' value='' class='medium'     aria-required=\"true\" aria-invalid=\"false\"   \/> <\/div><\/div><fieldset id=\"field_5_28\" class=\"gfield gfield_contains_required field_sublabel_below field_description_below gfield_visibility_visible\" ><legend class='gfield_label gfield_label_before_complex'  >Akceptacja regulaminu \/ Ich akzeptiere das Reglament<span class=\"gfield_required\"><span class=\"gfield_required gfield_required_text\">(Required)<\/span><\/span><\/legend><div class='ginput_container ginput_container_checkbox'><div class='gfield_checkbox' id='input_5_28'><div class='gchoice gchoice_5_28_1'>\n\t\t\t\t\t\t\t\t<input class='gfield-choice-input' name='input_28.1' type='checkbox'  value='Akceptuj\u0119 regulamin \/ Ich akzeptiere das Reglament &lt;a href=&quot;regulamin\/&quot;&gt;regulamin&lt;\/a&gt;'  id='choice_5_28_1'   \/>\n\t\t\t\t\t\t\t\t<label for='choice_5_28_1' id='label_5_28_1'>Akceptuj\u0119 regulamin \/ Ich akzeptiere das Reglament <a href=\"regulamin\/\">regulamin<\/a><\/label>\n\t\t\t\t\t\t\t<\/div><\/div><\/div><\/fieldset><\/div><\/div>\n        <div class='gform_page_footer top_label'><input type='image' src='http:\/\/skgd.pl\/powrot.png' id='gform_previous_button_5' class='gform_previous_button gform_image_button' alt='Previous Page'  onclick='if(window[\"gf_submitting_5\"]){return false;}  if( !jQuery(\"#gform_5\")[0].checkValidity || jQuery(\"#gform_5\")[0].checkValidity()){window[\"gf_submitting_5\"]=true;}  ' onkeypress='if( event.keyCode == 13 ){ if(window[\"gf_submitting_5\"]){return false;} if( !jQuery(\"#gform_5\")[0].checkValidity || jQuery(\"#gform_5\")[0].checkValidity()){window[\"gf_submitting_5\"]=true;}  jQuery(\"#gform_5\").trigger(\"submit\",[true]); }' \/> <input type='submit' id='gform_submit_button_5' class='gform_button button' value='Submit'  onclick='if(window[\"gf_submitting_5\"]){return false;}  if( !jQuery(\"#gform_5\")[0].checkValidity || jQuery(\"#gform_5\")[0].checkValidity()){window[\"gf_submitting_5\"]=true;}  ' onkeypress='if( event.keyCode == 13 ){ if(window[\"gf_submitting_5\"]){return false;} if( !jQuery(\"#gform_5\")[0].checkValidity || jQuery(\"#gform_5\")[0].checkValidity()){window[\"gf_submitting_5\"]=true;}  jQuery(\"#gform_5\").trigger(\"submit\",[true]); }' \/> \n            <input type='hidden' class='gform_hidden' name='is_submit_5' value='1' \/>\n            <input type='hidden' class='gform_hidden' name='gform_submit' value='5' \/>\n            \n            <input type='hidden' class='gform_hidden' name='gform_unique_id' value='' \/>\n            <input type='hidden' class='gform_hidden' name='state_5' value='WyJbXSIsImUzMjM2ZGEyY2JlYThhYzFlODJhMTJjMGRiNjk4NjlmIl0=' \/>\n            <input type='hidden' class='gform_hidden' name='gform_target_page_number_5' id='gform_target_page_number_5' value='2' \/>\n            <input type='hidden' class='gform_hidden' name='gform_source_page_number_5' id='gform_source_page_number_5' value='1' \/>\n            <input type='hidden' name='gform_field_values' value='' \/>\n            \n        <\/div>\n                        <\/div><\/div>\n                        <\/form>\n                        <\/div>[\/vc_column][\/vc_row]<\/p>\n","protected":false},"excerpt":{"rendered":"<p>[vc_row][vc_column][\/vc_column][\/vc_row]<\/p>\n","protected":false},"author":1,"featured_media":0,"parent":0,"menu_order":0,"comment_status":"closed","ping_status":"closed","template":"","meta":[],"_links":{"self":[{"href":"https:\/\/dfkschlesien.pl\/de\/wp-json\/wp\/v2\/pages\/10687"}],"collection":[{"href":"https:\/\/dfkschlesien.pl\/de\/wp-json\/wp\/v2\/pages"}],"about":[{"href":"https:\/\/dfkschlesien.pl\/de\/wp-json\/wp\/v2\/types\/page"}],"author":[{"embeddable":true,"href":"https:\/\/dfkschlesien.pl\/de\/wp-json\/wp\/v2\/users\/1"}],"replies":[{"embeddable":true,"href":"https:\/\/dfkschlesien.pl\/de\/wp-json\/wp\/v2\/comments?post=10687"}],"version-history":[{"count":10,"href":"https:\/\/dfkschlesien.pl\/de\/wp-json\/wp\/v2\/pages\/10687\/revisions"}],"predecessor-version":[{"id":11657,"href":"https:\/\/dfkschlesien.pl\/de\/wp-json\/wp\/v2\/pages\/10687\/revisions\/11657"}],"wp:attachment":[{"href":"https:\/\/dfkschlesien.pl\/de\/wp-json\/wp\/v2\/media?parent=10687"}],"curies":[{"name":"wp","href":"https:\/\/api.w.org\/{rel}","templated":true}]}}