{"id":10792,"date":"2020-12-03T09:50:17","date_gmt":"2020-12-03T08:50:17","guid":{"rendered":"https:\/\/neu-dfkschlesien.site\/?page_id=10792"},"modified":"2021-01-18T20:44:06","modified_gmt":"2021-01-18T19:44:06","slug":"o-nas","status":"publish","type":"page","link":"https:\/\/dfkschlesien.pl\/de\/o-nas\/","title":{"rendered":"\u00dcber uns"},"content":{"rendered":"<p>[vc_row][vc_column width=&#8221;1\/3&#8243;][vc_single_image image=&#8221;10793&#8243; img_size=&#8221;full&#8221; alignment=&#8221;center&#8221;][\/vc_column][vc_column width=&#8221;2\/3&#8243;][vc_column_text]<\/p>\n<div class=\"itemBody\">\n<div class=\"itemIntroText\">\n<div class=\"content_body\">\n<p>Der Deutsche Freundschaftskreis (DFK) ist eine Gesellschaft der Deutschen Volksgruppe in Schlesien.<\/p>\n<\/div>\n<div class=\"itemFullText\">\n<p>Das Ziel unserer Gesellschaft ist die Pflege der deutschen Tradition und Geschichte. Eine wichtige T\u00e4tigkeit des DFK ist die Pflege der deutschen Sprache. In diesem Bereich organisiert die Gesellschaft Sprachkurse und viele Wettbewerbe, wie z.B. Deutsch-Olympiade, Literaturwettbewerb, Eichendorff-Sch\u00fcler-Wettbewerb, Theater- und Gesangwettbewerb, Deutsch-Diktat f\u00fcr die ganze Woiwodschaft Schlesien. Au\u00dferdem organisiert der DFK viele andere Kulturveranstaltungen; zu den bekanntesten geh\u00f6ren: das Bezirksfest, das Konzert \u201eMusik kennt keine Grenzen\u201c, wie auch verschiedene Treffen und Ausstellungen.<\/p>\n<p>Jedes Jahr organisiert der DFK Ausfl\u00fcge f\u00fcr Kinder und Senioren, Kinderfreizeiten im Sommer, Weihnachtsfeiern in Ortsgruppen und Kreisverb\u00e4nden.<\/p>\n<\/div>\n<\/div>\n<\/div>\n<p>[\/vc_column_text][\/vc_column][\/vc_row][vc_row][vc_column][vc_column_text]Die DFK-Bezirksdienststelle ver\u00f6ffentlicht seit 1989 monatlich ein Informations- und Kulturbulletin <strong>\u201eOberschlesische Stimme\u201c<\/strong>.<\/p>\n<p>Seit April 1997 gibt es die deutschsprachige Radiosendung <strong>\u201cDie deutsche Stimme\u201d<\/strong>, seit Februar 2010 \u2013 deutschsprachige Radiosendung <strong>\u201cPr\u00e4sent\u201d<\/strong>, wie auch das deutsch-polnisches Internetradio <strong>\u201eMittendrin\u201c<\/strong>.<\/p>\n<p>Beim DFK sind verschiedene Kulturgruppen t\u00e4tig \u2013 Tanz-, Musikgruppen und Ch\u00f6re.<\/p>\n<p>Die Gesellschaft besitzt auch eine eigene Bibliothek und ein geschichtliches Museum in Benkowitz, ul. Raciborska 17.[\/vc_column_text][\/vc_column][\/vc_row]<\/p>","protected":false},"excerpt":{"rendered":"<p>[vc_row][vc_column width=&#8221;1\/3&#8243;][vc_single_image image=&#8221;10793&#8243; img_size=&#8221;full&#8221; alignment=&#8221;center&#8221;][\/vc_column][vc_column width=&#8221;2\/3&#8243;][vc_column_text] Der Deutsche Freundschaftskreis (DFK) ist eine Gesellschaft der Deutschen Volksgruppe in Schlesien. Das Ziel unserer Gesellschaft ist die Pflege der deutschen Tradition und Geschichte. Eine wichtige T\u00e4tigkeit des DFK ist die Pflege der deutschen Sprache. In diesem Bereich organisiert die Gesellschaft Sprachkurse und viele Wettbewerbe, wie z.B. Deutsch-Olympiade, Literaturwettbewerb, [&hellip;]<\/p>\n","protected":false},"author":1,"featured_media":0,"parent":0,"menu_order":0,"comment_status":"closed","ping_status":"closed","template":"","meta":[],"_links":{"self":[{"href":"https:\/\/dfkschlesien.pl\/de\/wp-json\/wp\/v2\/pages\/10792"}],"collection":[{"href":"https:\/\/dfkschlesien.pl\/de\/wp-json\/wp\/v2\/pages"}],"about":[{"href":"https:\/\/dfkschlesien.pl\/de\/wp-json\/wp\/v2\/types\/page"}],"author":[{"embeddable":true,"href":"https:\/\/dfkschlesien.pl\/de\/wp-json\/wp\/v2\/users\/1"}],"replies":[{"embeddable":true,"href":"https:\/\/dfkschlesien.pl\/de\/wp-json\/wp\/v2\/comments?post=10792"}],"version-history":[{"count":31,"href":"https:\/\/dfkschlesien.pl\/de\/wp-json\/wp\/v2\/pages\/10792\/revisions"}],"predecessor-version":[{"id":11089,"href":"https:\/\/dfkschlesien.pl\/de\/wp-json\/wp\/v2\/pages\/10792\/revisions\/11089"}],"wp:attachment":[{"href":"https:\/\/dfkschlesien.pl\/de\/wp-json\/wp\/v2\/media?parent=10792"}],"curies":[{"name":"wp","href":"https:\/\/api.w.org\/{rel}","templated":true}]}}