{"id":10829,"date":"2020-12-03T10:51:20","date_gmt":"2020-12-03T09:51:20","guid":{"rendered":"https:\/\/neu-dfkschlesien.site\/?page_id=10829"},"modified":"2025-02-07T10:14:56","modified_gmt":"2025-02-07T09:14:56","slug":"wladze","status":"publish","type":"page","link":"https:\/\/dfkschlesien.pl\/de\/wladze\/","title":{"rendered":"Gremium des Deutschen Freundschaftskreises im Bezirk Schlesien"},"content":{"rendered":"<p>[vc_row][vc_column][vc_text_separator title=&#8221;Bezirksvorstand&#8221;][vc_column_text]<img loading=\"lazy\" class=\"wp-image-13376 aligncenter\" src=\"https:\/\/dfkschlesien.pl\/wp-content\/uploads\/2025\/02\/zarzad-woj.-1-300x148.jpg\" alt=\"\" width=\"709\" height=\"350\" srcset=\"https:\/\/dfkschlesien.pl\/wp-content\/uploads\/2025\/02\/zarzad-woj.-1-300x148.jpg 300w, https:\/\/dfkschlesien.pl\/wp-content\/uploads\/2025\/02\/zarzad-woj.-1-1024x506.jpg 1024w, https:\/\/dfkschlesien.pl\/wp-content\/uploads\/2025\/02\/zarzad-woj.-1-768x379.jpg 768w, https:\/\/dfkschlesien.pl\/wp-content\/uploads\/2025\/02\/zarzad-woj.-1-1536x758.jpg 1536w, https:\/\/dfkschlesien.pl\/wp-content\/uploads\/2025\/02\/zarzad-woj.-1-2048x1011.jpg 2048w\" sizes=\"(max-width: 709px) 100vw, 709px\" \/>[\/vc_column_text][vc_column_text]<\/p>\n<table class=\"tabelka\" style=\"border-collapse: collapse; width: 100%;\" border=\"1\">\n<tbody>\n<tr class=\"wpdt-cell-row \" style=\"height: 24px;\">\n<td class=\"wpdt-cell \" style=\"width: 33%; height: 24px;\" data-cell-id=\"A1\" data-col-index=\"0\" data-row-index=\"0\">\n<div data-type-content=\"wpdt-html-content\">Bild<\/div>\n<\/td>\n<td class=\"wpdt-cell \" style=\"width: 33%; height: 24px;\" data-cell-id=\"B1\" data-col-index=\"1\" data-row-index=\"0\">\n<div data-type-content=\"wpdt-html-content\">\n<div data-type-content=\"wpdt-html-content\">Vorname und Nachname<\/div>\n<\/div>\n<\/td>\n<td class=\"wpdt-cell \" style=\"width: 33%; height: 24px;\" data-cell-id=\"C1\" data-col-index=\"2\" data-row-index=\"0\">Funktion<\/td>\n<\/tr>\n<tr class=\"wpdt-cell-row \" style=\"height: 71px;\">\n<td class=\"wpdt-cell wpdt-wrap-text\" style=\"width: 33%; height: 397px;\" rowspan=\"5\" data-cell-id=\"A2\" data-col-index=\"0\" data-row-index=\"1\">\n<p>Pr\u00e4sidium:<\/p>\n<p><img loading=\"lazy\" class=\"alignnone wp-image-11324 \" src=\"https:\/\/neu-dfkschlesien.site\/wp-content\/uploads\/2021\/02\/Prezydium-Zarzadu-1024x683.jpg\" alt=\"\" width=\"442\" height=\"295\" srcset=\"https:\/\/dfkschlesien.pl\/wp-content\/uploads\/2021\/02\/Prezydium-Zarzadu-1024x683.jpg 1024w, https:\/\/dfkschlesien.pl\/wp-content\/uploads\/2021\/02\/Prezydium-Zarzadu-300x200.jpg 300w, https:\/\/dfkschlesien.pl\/wp-content\/uploads\/2021\/02\/Prezydium-Zarzadu-768x512.jpg 768w, https:\/\/dfkschlesien.pl\/wp-content\/uploads\/2021\/02\/Prezydium-Zarzadu-1536x1024.jpg 1536w, https:\/\/dfkschlesien.pl\/wp-content\/uploads\/2021\/02\/Prezydium-Zarzadu-2048x1365.jpg 2048w\" sizes=\"(max-width: 442px) 100vw, 442px\" \/><\/td>\n<td class=\"wpdt-cell \" style=\"width: 33%; height: 71px;\" data-cell-id=\"B2\" data-col-index=\"1\" data-row-index=\"1\">Marcin Lippa<\/td>\n<td class=\"wpdt-cell \" style=\"width: 33%; height: 71px;\" data-cell-id=\"C2\" data-col-index=\"2\" data-row-index=\"1\">Vorsitzender<\/td>\n<\/tr>\n<tr class=\"wpdt-cell-row \" style=\"height: 71px;\">\n<td class=\"wpdt-cell \" style=\"width: 33%; height: 71px;\" data-cell-id=\"B3\" data-col-index=\"1\" data-row-index=\"2\">Eugeniusz Nagel<\/td>\n<td class=\"wpdt-cell \" style=\"width: 33%; height: 71px;\" data-cell-id=\"C3\" data-col-index=\"2\" data-row-index=\"2\">I Stellv. Vorsitzender<\/td>\n<\/tr>\n<tr class=\"wpdt-cell-row \" style=\"height: 137px;\">\n<td class=\"wpdt-cell \" style=\"width: 33%; height: 137px;\" data-cell-id=\"B4\" data-col-index=\"1\" data-row-index=\"3\">Agnieszka D\u0142ociok<\/td>\n<td class=\"wpdt-cell \" style=\"width: 33%; height: 137px;\" data-cell-id=\"C4\" data-col-index=\"2\" data-row-index=\"3\">II Stellv. Vorsitzender<\/td>\n<\/tr>\n<tr class=\"wpdt-cell-row \" style=\"height: 47px;\">\n<td class=\"wpdt-cell \" style=\"width: 33%; height: 47px;\" data-cell-id=\"B5\" data-col-index=\"1\" data-row-index=\"4\">Lucjan Ryszka<\/td>\n<td class=\"wpdt-cell \" style=\"width: 33%; height: 47px;\" data-cell-id=\"C5\" data-col-index=\"2\" data-row-index=\"4\">Sekret\u00e4r<\/td>\n<\/tr>\n<tr class=\"wpdt-cell-row \" style=\"height: 71px;\">\n<td class=\"wpdt-cell \" style=\"width: 33%; height: 71px;\" data-cell-id=\"B6\" data-col-index=\"1\" data-row-index=\"5\">Waldemar \u015awierczek<\/td>\n<td class=\"wpdt-cell \" style=\"width: 33%; height: 71px;\" data-cell-id=\"C6\" data-col-index=\"2\" data-row-index=\"5\">Schatzmeister<\/td>\n<\/tr>\n<tr class=\"wpdt-cell-row \" style=\"height: 24px;\">\n<td class=\"wpdt-cell wpdt-empty-cell\" style=\"width: 33%; height: 24px;\" data-cell-id=\"A7\" data-col-index=\"0\" data-row-index=\"6\"><\/td>\n<td style=\"width: 33%;\" width=\"146\">Piotr Daniel<\/td>\n<td class=\"wpdt-cell wpdt-empty-cell\" style=\"width: 33%; height: 24px;\" data-cell-id=\"C7\" data-col-index=\"2\" data-row-index=\"6\"><\/td>\n<\/tr>\n<tr class=\"wpdt-cell-row \" style=\"height: 24px;\">\n<td class=\"wpdt-cell wpdt-empty-cell\" style=\"width: 33%; height: 24px;\" data-cell-id=\"A8\" data-col-index=\"0\" data-row-index=\"7\"><\/td>\n<td style=\"width: 33%;\" width=\"146\">Tomasz Daschek<\/td>\n<td class=\"wpdt-cell wpdt-empty-cell\" style=\"width: 33%; height: 24px;\" data-cell-id=\"C8\" data-col-index=\"2\" data-row-index=\"7\"><\/td>\n<\/tr>\n<tr class=\"wpdt-cell-row \" style=\"height: 24px;\">\n<td class=\"wpdt-cell wpdt-empty-cell\" style=\"width: 33%; height: 24px;\" data-cell-id=\"A9\" data-col-index=\"0\" data-row-index=\"8\"><\/td>\n<td style=\"width: 33%;\" width=\"146\">Bronis\u0142aw Da-Via<\/td>\n<td class=\"wpdt-cell wpdt-empty-cell\" style=\"width: 33%; height: 24px;\" data-cell-id=\"C9\" data-col-index=\"2\" data-row-index=\"8\"><\/td>\n<\/tr>\n<tr class=\"wpdt-cell-row \" style=\"height: 24px;\">\n<td class=\"wpdt-cell wpdt-empty-cell\" style=\"width: 33%; height: 24px;\" data-cell-id=\"A10\" data-col-index=\"0\" data-row-index=\"9\"><\/td>\n<td style=\"width: 33%;\" width=\"146\">Andrzej von Dramsky<\/td>\n<td class=\"wpdt-cell wpdt-empty-cell\" style=\"width: 33%; height: 24px;\" data-cell-id=\"C10\" data-col-index=\"2\" data-row-index=\"9\"><\/td>\n<\/tr>\n<tr class=\"wpdt-cell-row \" style=\"height: 24px;\">\n<td class=\"wpdt-cell wpdt-empty-cell\" style=\"width: 33%; height: 24px;\" data-cell-id=\"A11\" data-col-index=\"0\" data-row-index=\"10\"><\/td>\n<td style=\"width: 33%;\" width=\"146\">Lucyna Duda<\/td>\n<td class=\"wpdt-cell wpdt-empty-cell\" style=\"width: 33%; height: 24px;\" data-cell-id=\"C11\" data-col-index=\"2\" data-row-index=\"10\"><\/td>\n<\/tr>\n<tr class=\"wpdt-cell-row \" style=\"height: 24px;\">\n<td class=\"wpdt-cell wpdt-empty-cell\" style=\"width: 33%; height: 24px;\" data-cell-id=\"A12\" data-col-index=\"0\" data-row-index=\"11\"><\/td>\n<td style=\"width: 33%;\" width=\"146\">Dorota Gorgosch<\/td>\n<td class=\"wpdt-cell wpdt-empty-cell\" style=\"width: 33%; height: 24px;\" data-cell-id=\"C12\" data-col-index=\"2\" data-row-index=\"11\"><\/td>\n<\/tr>\n<tr class=\"wpdt-cell-row \" style=\"height: 24px;\">\n<td class=\"wpdt-cell wpdt-empty-cell\" style=\"width: 33%; height: 24px;\" data-cell-id=\"A13\" data-col-index=\"0\" data-row-index=\"12\"><\/td>\n<td style=\"width: 33%;\" width=\"146\">Maria Gruca<\/td>\n<td class=\"wpdt-cell wpdt-empty-cell\" style=\"width: 33%; height: 24px;\" data-cell-id=\"C13\" data-col-index=\"2\" data-row-index=\"12\"><\/td>\n<\/tr>\n<tr class=\"wpdt-cell-row \" style=\"height: 24px;\">\n<td class=\"wpdt-cell wpdt-empty-cell\" style=\"width: 33%; height: 24px;\" data-cell-id=\"A14\" data-col-index=\"0\" data-row-index=\"13\"><\/td>\n<td style=\"width: 33%;\" width=\"146\">Teresa Kionczyk<\/td>\n<td class=\"wpdt-cell wpdt-empty-cell\" style=\"width: 33%; height: 24px;\" data-cell-id=\"C14\" data-col-index=\"2\" data-row-index=\"13\"><\/td>\n<\/tr>\n<tr class=\"wpdt-cell-row \" style=\"height: 24px;\">\n<td class=\"wpdt-cell wpdt-empty-cell\" style=\"width: 33%; height: 24px;\" data-cell-id=\"A15\" data-col-index=\"0\" data-row-index=\"14\"><\/td>\n<td style=\"width: 33%;\" width=\"146\">Oskar Mandla<\/td>\n<td class=\"wpdt-cell wpdt-empty-cell\" style=\"width: 33%; height: 24px;\" data-cell-id=\"C15\" data-col-index=\"2\" data-row-index=\"14\"><\/td>\n<\/tr>\n<tr class=\"wpdt-cell-row \" style=\"height: 24px;\">\n<td class=\"wpdt-cell wpdt-empty-cell\" style=\"width: 33%; height: 24px;\" data-cell-id=\"A16\" data-col-index=\"0\" data-row-index=\"15\"><\/td>\n<td style=\"width: 33%;\" width=\"146\">Sylwia Niemiec<\/td>\n<td class=\"wpdt-cell wpdt-empty-cell\" style=\"width: 33%; height: 24px;\" data-cell-id=\"C16\" data-col-index=\"2\" data-row-index=\"15\"><\/td>\n<\/tr>\n<tr class=\"wpdt-cell-row \" style=\"height: 24px;\">\n<td class=\"wpdt-cell wpdt-empty-cell\" style=\"width: 33%; height: 24px;\" data-cell-id=\"A17\" data-col-index=\"0\" data-row-index=\"16\"><\/td>\n<td style=\"width: 33%;\" width=\"146\">Mieczys\u0142aw Roseger<\/td>\n<td class=\"wpdt-cell wpdt-empty-cell\" style=\"width: 33%; height: 24px;\" data-cell-id=\"C17\" data-col-index=\"2\" data-row-index=\"16\"><\/td>\n<\/tr>\n<tr class=\"wpdt-cell-row \" style=\"height: 24px;\">\n<td class=\"wpdt-cell wpdt-empty-cell\" style=\"width: 33%; height: 24px;\" data-cell-id=\"A18\" data-col-index=\"0\" data-row-index=\"17\"><\/td>\n<td style=\"width: 33%;\" width=\"146\">Adrian S\u0142odowicz<\/td>\n<td class=\"wpdt-cell wpdt-empty-cell\" style=\"width: 33%; height: 24px;\" data-cell-id=\"C18\" data-col-index=\"2\" data-row-index=\"17\"><\/td>\n<\/tr>\n<tr class=\"wpdt-cell-row \" style=\"height: 24px;\">\n<td class=\"wpdt-cell wpdt-empty-cell\" style=\"width: 33%; height: 24px;\" data-cell-id=\"A19\" data-col-index=\"0\" data-row-index=\"18\"><\/td>\n<td style=\"width: 33%;\" width=\"146\">Julia Stobrawa<\/td>\n<td class=\"wpdt-cell wpdt-empty-cell\" style=\"width: 33%; height: 24px;\" data-cell-id=\"C19\" data-col-index=\"2\" data-row-index=\"18\"><\/td>\n<\/tr>\n<tr class=\"wpdt-cell-row \" style=\"height: 24px;\">\n<td class=\"wpdt-cell wpdt-empty-cell\" style=\"width: 33%; height: 24px;\" data-cell-id=\"A20\" data-col-index=\"0\" data-row-index=\"19\"><\/td>\n<td style=\"width: 33%;\" width=\"146\">Marek Tylikowski<\/td>\n<td class=\"wpdt-cell wpdt-empty-cell\" style=\"width: 33%; height: 24px;\" data-cell-id=\"C20\" data-col-index=\"2\" data-row-index=\"19\"><\/td>\n<\/tr>\n<\/tbody>\n<\/table>\n<p>[\/vc_column_text][\/vc_column][\/vc_row][vc_row][vc_column][vc_text_separator title=&#8221;Revisionskommission&#8221;][vc_column_text]<\/p>\n<table class=\"tabelka\" style=\"border-collapse: collapse; width: 100%;\" border=\"1\">\n<tbody>\n<tr class=\"wpdt-cell-row \">\n<td class=\"wpdt-cell \" style=\"width: 42.7045%;\" data-cell-id=\"A1\" data-col-index=\"0\" data-row-index=\"0\">Bild<\/td>\n<td class=\"wpdt-cell \" style=\"width: 38.9295%;\" data-cell-id=\"B1\" data-col-index=\"1\" data-row-index=\"0\">Vorname und Nachname<\/td>\n<td class=\"wpdt-cell \" style=\"width: 18.2505%;\" data-cell-id=\"C1\" data-col-index=\"2\" data-row-index=\"0\">Funktion<\/td>\n<\/tr>\n<tr class=\"wpdt-cell-row \">\n<td class=\"wpdt-cell \" style=\"width: 42.7045%;\" rowspan=\"4\" data-cell-id=\"A2\" data-col-index=\"0\" data-row-index=\"1\"><img loading=\"lazy\" class=\"alignnone size-medium wp-image-13369\" src=\"https:\/\/dfkschlesien.pl\/wp-content\/uploads\/2025\/02\/Komisja-Rew-300x200.jpg\" alt=\"\" width=\"300\" height=\"200\" srcset=\"https:\/\/dfkschlesien.pl\/wp-content\/uploads\/2025\/02\/Komisja-Rew-300x200.jpg 300w, https:\/\/dfkschlesien.pl\/wp-content\/uploads\/2025\/02\/Komisja-Rew-1024x683.jpg 1024w, https:\/\/dfkschlesien.pl\/wp-content\/uploads\/2025\/02\/Komisja-Rew-768x512.jpg 768w, https:\/\/dfkschlesien.pl\/wp-content\/uploads\/2025\/02\/Komisja-Rew-1536x1024.jpg 1536w, https:\/\/dfkschlesien.pl\/wp-content\/uploads\/2025\/02\/Komisja-Rew-2048x1365.jpg 2048w\" sizes=\"(max-width: 300px) 100vw, 300px\" \/><\/td>\n<td class=\"wpdt-cell \" style=\"width: 38.9295%;\" data-cell-id=\"B2\" data-col-index=\"1\" data-row-index=\"1\">Zygfryd Wladzarz<\/td>\n<td class=\"wpdt-cell \" style=\"width: 18.2505%;\" data-cell-id=\"C2\" data-col-index=\"2\" data-row-index=\"1\">Vorsitzender<\/td>\n<\/tr>\n<tr class=\"wpdt-cell-row \">\n<td class=\"wpdt-cell \" style=\"width: 38.9295%;\" data-cell-id=\"B3\" data-col-index=\"1\" data-row-index=\"2\">Witold Ciba<\/td>\n<td class=\"wpdt-cell wpdt-empty-cell\" style=\"width: 18.2505%;\" data-cell-id=\"C3\" data-col-index=\"2\" data-row-index=\"2\"><\/td>\n<\/tr>\n<tr class=\"wpdt-cell-row \">\n<td class=\"wpdt-cell \" style=\"width: 38.9295%;\" data-cell-id=\"B4\" data-col-index=\"1\" data-row-index=\"3\">Rudolf Schreck<\/td>\n<td class=\"wpdt-cell wpdt-empty-cell\" style=\"width: 18.2505%;\" data-cell-id=\"C4\" data-col-index=\"2\" data-row-index=\"3\"><\/td>\n<\/tr>\n<tr class=\"wpdt-cell-row \">\n<td class=\"wpdt-cell \" style=\"width: 38.9295%;\" data-cell-id=\"B5\" data-col-index=\"1\" data-row-index=\"4\"><\/td>\n<td class=\"wpdt-cell wpdt-empty-cell\" style=\"width: 18.2505%;\" data-cell-id=\"C5\" data-col-index=\"2\" data-row-index=\"4\"><\/td>\n<\/tr>\n<\/tbody>\n<\/table>\n<p>[\/vc_column_text][\/vc_column][\/vc_row]<\/p>","protected":false},"excerpt":{"rendered":"<p>[vc_row][vc_column][vc_text_separator title=&#8221;Bezirksvorstand&#8221;][vc_column_text][\/vc_column_text][vc_column_text] Bild Vorname und Nachname Funktion Pr\u00e4sidium: Marcin Lippa Vorsitzender Eugeniusz Nagel I Stellv. Vorsitzender Agnieszka D\u0142ociok II Stellv. Vorsitzender Lucjan Ryszka Sekret\u00e4r Waldemar \u015awierczek Schatzmeister Piotr Daniel Tomasz Daschek Bronis\u0142aw Da-Via Andrzej von Dramsky Lucyna Duda Dorota Gorgosch Maria Gruca Teresa Kionczyk Oskar Mandla Sylwia Niemiec Mieczys\u0142aw Roseger Adrian S\u0142odowicz Julia Stobrawa Marek [&hellip;]<\/p>\n","protected":false},"author":1,"featured_media":0,"parent":0,"menu_order":0,"comment_status":"closed","ping_status":"closed","template":"","meta":[],"_links":{"self":[{"href":"https:\/\/dfkschlesien.pl\/de\/wp-json\/wp\/v2\/pages\/10829"}],"collection":[{"href":"https:\/\/dfkschlesien.pl\/de\/wp-json\/wp\/v2\/pages"}],"about":[{"href":"https:\/\/dfkschlesien.pl\/de\/wp-json\/wp\/v2\/types\/page"}],"author":[{"embeddable":true,"href":"https:\/\/dfkschlesien.pl\/de\/wp-json\/wp\/v2\/users\/1"}],"replies":[{"embeddable":true,"href":"https:\/\/dfkschlesien.pl\/de\/wp-json\/wp\/v2\/comments?post=10829"}],"version-history":[{"count":47,"href":"https:\/\/dfkschlesien.pl\/de\/wp-json\/wp\/v2\/pages\/10829\/revisions"}],"predecessor-version":[{"id":13381,"href":"https:\/\/dfkschlesien.pl\/de\/wp-json\/wp\/v2\/pages\/10829\/revisions\/13381"}],"wp:attachment":[{"href":"https:\/\/dfkschlesien.pl\/de\/wp-json\/wp\/v2\/media?parent=10829"}],"curies":[{"name":"wp","href":"https:\/\/api.w.org\/{rel}","templated":true}]}}