{"id":10856,"date":"2020-12-03T12:10:29","date_gmt":"2020-12-03T11:10:29","guid":{"rendered":"https:\/\/neu-dfkschlesien.site\/?page_id=10856"},"modified":"2026-02-05T07:48:07","modified_gmt":"2026-02-05T06:48:07","slug":"kontakt","status":"publish","type":"page","link":"https:\/\/dfkschlesien.pl\/de\/kontakt\/","title":{"rendered":"Kontakt"},"content":{"rendered":"<p>[vc_row][vc_column width=&#8221;1\/2&#8243;][vc_column_text]<\/p>\n<div class=\"itemIntroText\">\n<p><strong>Bezirksdienststelle des DFK Schlesien:<\/strong><\/p>\n<p>ul. Wczasowa 3, 47-400 Racib\u00f3rz<br \/>\nTel.\/Fax: +48 32 415 51 18,<br \/>\ne-mail: biuro@dfkschlesien.pl<\/p>\n<\/div>\n<div class=\"itemFullText\">\n<p>NIP: 639-10-39-907<br \/>\nRegon: 003560018<br \/>\nKRS: 0000001895<br \/>\nKonto-Nr. in EUR: IBAN: PL82 1050 1328 1000 0004 0150 9484<br \/>\nKonto-Nr. in PLN: IBAN: PL15 1050 1328 1000 0004 0002 8627<br \/>\nBIC\/Swift-Code: INGBPLPW<\/p>\n<p><strong>B\u00fcrozeiten:<\/strong><br \/>\nMontag &#8211; Freitag: 7:00 &#8211; 15:00<\/p>\n<p><strong>Sprechstunden:<br \/>\n<\/strong>Dienstag &#8211; Donnerstag: 9:00-15:00<br \/>\nAndere Termine nach vorheriger Vereinbarung m\u00f6glich.<\/p>\n<\/div>\n<p>[\/vc_column_text][\/vc_column][vc_column width=&#8221;1\/2&#8243;][vc_gmaps link=&#8221;#E-8_JTNDaWZyYW1lJTIwc3JjJTNEJTIyaHR0cHMlM0ElMkYlMkZ3d3cuZ29vZ2xlLmNvbSUyRm1hcHMlMkZlbWJlZCUzRnBiJTNEJTIxMW0xOCUyMTFtMTIlMjExbTMlMjExZDI1NjAuMTU5NDEyMjY4MzM5NiUyMTJkMTguMjA1MTI3NjE1OTk5OSUyMTNkNTAuMDgzMzAyMTc5NDI2NDElMjEybTMlMjExZjAlMjEyZjAlMjEzZjAlMjEzbTIlMjExaTEwMjQlMjEyaTc2OCUyMTRmMTMuMSUyMTNtMyUyMTFtMiUyMTFzMHg0NzExNjgwNTI3MWZjNWQzJTI1M0EweGRmNGE1Y2Y3ZmU1ZGQwZjAlMjEyc1Rvd2FyenlzdHdvJTI1MjBTcG8lMjVDNSUyNTgyZWN6bm8lMjUyMC0lMjUyMEt1bHR1cmFsbmUlMjUyME5pZW1jJTI1QzMlMjVCM3clMjUyMFdvamV3JTI1QzMlMjVCM2R6dHdhJTI1MjAlMjVDNSUyNTlBbCUyNUM0JTI1ODVza2llZ28lMjE1ZTAlMjEzbTIlMjExc3BsJTIxMnNwbCUyMTR2MTYxMTAwMzcyMTM0NSUyMTVtMiUyMTFzcGwlMjEyc3BsJTIyJTIwd2lkdGglM0QlMjI2MDAlMjIlMjBoZWlnaHQlM0QlMjI0MDAlMjIlMjBmcmFtZWJvcmRlciUzRCUyMjAlMjIlMjBzdHlsZSUzRCUyMmJvcmRlciUzQTAlMjIlMjBhbGxvd2Z1bGxzY3JlZW4lM0UlM0MlMkZpZnJhbWUlM0U=&#8221;][\/vc_column][\/vc_row][vc_row][vc_column width=&#8221;1\/2&#8243;][vc_column_text]<strong>Mitarbeiter des B\u00fcros:<\/strong><\/p>\n<ul>\n<li>Vorsitzender: Martin Lippa<\/li>\n<li>Mobil 601 910 186<\/li>\n<li>B\u00fcroleiterin: Teresa Kionczyk &#8211; <a href=\"mailto:t.kionczyk@dfkschlesien.pl\">t.kionczyk@dfkschlesien.pl<\/a><\/li>\n<li>Durchwahl: 12, Mobil 510 229 590<\/li>\n<li>Referentin f\u00fcr Kultur und Bildung: Doris Gorgosch &#8211; <a href=\"mailto:gdoris@wp.pl\">gdoris@wp.pl<\/a><\/li>\n<li>Durchwahl: 16<\/li>\n<li>Buchhalterin: Ewelina Piechulla &#8211; <a href=\"mailto:epiechulla@wp.pl\">epiechulla@wp.pl<\/a><\/li>\n<li>Durchwahl: 15<\/li>\n<li>Referentin f\u00fcr Finanzen: Sabina Rek &#8211; <a href=\"mailto:sabina.rek@dfkschlesien.pl\">sabina.rek@dfkschlesien.pl<\/a><\/li>\n<li>Durchwahl: 18<\/li>\n<li>Referent f\u00fcr Finanzangelegenheiten und Projektabrechnungen: Julia Nolda &#8211; <a href=\"mailto:j.nolda@dfkschlesien.pl\">j.nolda@dfkschlesien.pl<\/a><\/li>\n<li>Durchwahl: 18, Mobil 510 790 543<\/li>\n<li>Referentin f\u00fcr Finanzen: Karina Szarek-Barton<\/li>\n<li>Durchwahl: 16<\/li>\n<\/ul>\n<p>[\/vc_column_text][\/vc_column][vc_column width=&#8221;1\/2&#8243;][vc_column_text]<strong>Medien des DFK Schlesien<br \/>\n<\/strong><\/p>\n<ul>\n<li>Tel.: +48 32 415 79 68<\/li>\n<\/ul>\n<p>\u201eOberschlesische Stimme&#8221;<br \/>\ne-mail: <a href=\"mailto:o.stimme@gmail.com\">o.stimme@gmail.com<\/a><\/p>\n<p>\u201eMittendrin\u201c<br \/>\ne-mail: <a href=\"mailto:redakcja@mittendrin.pl\">redakcja@mittendrin.pl<\/a><br \/>\n<a href=\"http:\/\/www.mittendrin.pl\">http:\/\/www.mittendrin.pl<\/a>[\/vc_column_text][\/vc_column][\/vc_row][vc_row disable_element=&#8221;yes&#8221;][vc_column][cesis_icon_box i_space=&#8221;&#8221; i_size=&#8221;28&#8243; heading=&#8221;&#8221; heading_space=&#8221;&#8221; use_editor=&#8221;yes&#8221; text_space=&#8221;&#8221; box_bg_color=&#8221;#dddddd&#8221; h_box_bg_color=&#8221;#dddddd&#8221; icon_color=&#8221;#dd3333&#8243; h_icon_color=&#8221;#dd3333&#8243; text_color=&#8221;#000000&#8243; text_h_color=&#8221;#000000&#8243; icon=&#8221;fa-warning&#8221;]<\/p>\n<div class=\"itemIntroText\">\n<p><span style=\"color: #000000;\"><strong>Bekantmachung!<\/strong><\/span><br \/>\n<span style=\"color: #ff0000;\">Aufgrund der aktuellen epidemiologischen Situation in Polen m\u00f6chten wir Sie dar\u00fcber informieren, dass das B\u00fcro des Bezirksvorstandes vom 9. November 2020 bis auf Widerruf f\u00fcr Petenten geschlossen ist.<\/span><br \/>\n<span style=\"color: #ff0000;\">Das B\u00fcro kann man nur in dringenden F\u00e4llen, nach vorheriger telefonischer Absprache, besuchen.<\/span><br \/>\n<span style=\"color: #ff0000;\">Wir empfehlen Ihnen, uns telefonisch oder per E-Mail zu kontaktieren.<\/span><\/p>\n<\/div>\n<p>[\/cesis_icon_box][\/vc_column][\/vc_row]<\/p>","protected":false},"excerpt":{"rendered":"<p>[vc_row][vc_column width=&#8221;1\/2&#8243;][vc_column_text] Bezirksdienststelle des DFK Schlesien: ul. Wczasowa 3, 47-400 Racib\u00f3rz Tel.\/Fax: +48 32 415 51 18, e-mail: biuro@dfkschlesien.pl NIP: 639-10-39-907 Regon: 003560018 KRS: 0000001895 Konto-Nr. in EUR: IBAN: PL82 1050 1328 1000 0004 0150 9484 Konto-Nr. in PLN: IBAN: PL15 1050 1328 1000 0004 0002 8627 BIC\/Swift-Code: INGBPLPW B\u00fcrozeiten: Montag &#8211; Freitag: 7:00 &#8211; [&hellip;]<\/p>\n","protected":false},"author":1,"featured_media":0,"parent":0,"menu_order":0,"comment_status":"closed","ping_status":"closed","template":"","meta":[],"_links":{"self":[{"href":"https:\/\/dfkschlesien.pl\/de\/wp-json\/wp\/v2\/pages\/10856"}],"collection":[{"href":"https:\/\/dfkschlesien.pl\/de\/wp-json\/wp\/v2\/pages"}],"about":[{"href":"https:\/\/dfkschlesien.pl\/de\/wp-json\/wp\/v2\/types\/page"}],"author":[{"embeddable":true,"href":"https:\/\/dfkschlesien.pl\/de\/wp-json\/wp\/v2\/users\/1"}],"replies":[{"embeddable":true,"href":"https:\/\/dfkschlesien.pl\/de\/wp-json\/wp\/v2\/comments?post=10856"}],"version-history":[{"count":69,"href":"https:\/\/dfkschlesien.pl\/de\/wp-json\/wp\/v2\/pages\/10856\/revisions"}],"predecessor-version":[{"id":13661,"href":"https:\/\/dfkschlesien.pl\/de\/wp-json\/wp\/v2\/pages\/10856\/revisions\/13661"}],"wp:attachment":[{"href":"https:\/\/dfkschlesien.pl\/de\/wp-json\/wp\/v2\/media?parent=10856"}],"curies":[{"name":"wp","href":"https:\/\/api.w.org\/{rel}","templated":true}]}}