{"id":11398,"date":"2021-03-13T19:55:16","date_gmt":"2021-03-13T18:55:16","guid":{"rendered":"https:\/\/neu-dfkschlesien.site\/?page_id=11398"},"modified":"2021-03-19T22:03:17","modified_gmt":"2021-03-19T21:03:17","slug":"media","status":"publish","type":"page","link":"https:\/\/dfkschlesien.pl\/de\/media\/","title":{"rendered":"Medien"},"content":{"rendered":"<p><strong>DEUTSCH-POLNISCHE REDAKTION MITTENDRIN<\/strong><\/p>\n<p><strong> <img class=\"alignnone wp-image-10990\" src=\"https:\/\/neu-dfkschlesien.site\/wp-content\/uploads\/2020\/12\/mitt-logo-top.svg\" alt=\"\" width=\"800\" \/><\/strong><\/p>\n<p>&nbsp;<\/p>\n<p>Die deutsch-polnische Redaktion Mittendrin ist beim Deutschen Freundschaftskreis im Bezirk Schlesien t\u00e4tig. Die Redaktion realisiert verschiedene Medienprojekte \u00fcber die deutsche Minderheit und die deutsch-polnische Zusammenarbeit. Zu den wichtigsten geh\u00f6ren:<\/p>\n<ul>\n<li>deutschsprachige Radiosendungen (Magazin mit Wunschkonzert \u201eDie deutsche Stimme aus Ratibor\u201c auf Radio Vanessa und publizistisches Magazin \u201ePr\u00e4sent\u201c auf Radio Katowice),<\/li>\n<li>Informations- und Kulturbulletin \u201eOberschlesische Stimme\u201c (es erscheint jede zweite Woche als Beilage der Zeitung \u201eWochenblatt\u201c),<\/li>\n<li>deutsch-polnisches Internetradio (ab Jahr 2019 funktioniert das Internetradio als Radio der deutschen Minderheit in ganz Polen und wird in Zusammenarbeit mit anderen Redaktionen gestaltet),<\/li>\n<li>deutsch-polnisches Kulturmagazin \u201eSchauFenster\u201c auf YouTube,<\/li>\n<li>Monatszeitschrift f\u00fcr Kinder \u201eKeks\u201c (im Auftrag des Hauses der Deutsch-Polnischen Zusammenarbeit).<\/li>\n<\/ul>\n<p>&nbsp;<\/p>\n<p>Weitere Informationen finden Sie unter: <a href=\"https:\/\/mittendrin.pl\/\">https:\/\/mittendrin.pl\/<\/a><\/p>","protected":false},"excerpt":{"rendered":"<p>DEUTSCH-POLNISCHE REDAKTION MITTENDRIN &nbsp; Die deutsch-polnische Redaktion Mittendrin ist beim Deutschen Freundschaftskreis im Bezirk Schlesien t\u00e4tig. Die Redaktion realisiert verschiedene Medienprojekte \u00fcber die deutsche Minderheit und die deutsch-polnische Zusammenarbeit. Zu den wichtigsten geh\u00f6ren: deutschsprachige Radiosendungen (Magazin mit Wunschkonzert \u201eDie deutsche Stimme aus Ratibor\u201c auf Radio Vanessa und publizistisches Magazin \u201ePr\u00e4sent\u201c auf Radio Katowice), Informations- und [&hellip;]<\/p>\n","protected":false},"author":1,"featured_media":0,"parent":0,"menu_order":0,"comment_status":"closed","ping_status":"closed","template":"","meta":[],"_links":{"self":[{"href":"https:\/\/dfkschlesien.pl\/de\/wp-json\/wp\/v2\/pages\/11398"}],"collection":[{"href":"https:\/\/dfkschlesien.pl\/de\/wp-json\/wp\/v2\/pages"}],"about":[{"href":"https:\/\/dfkschlesien.pl\/de\/wp-json\/wp\/v2\/types\/page"}],"author":[{"embeddable":true,"href":"https:\/\/dfkschlesien.pl\/de\/wp-json\/wp\/v2\/users\/1"}],"replies":[{"embeddable":true,"href":"https:\/\/dfkschlesien.pl\/de\/wp-json\/wp\/v2\/comments?post=11398"}],"version-history":[{"count":4,"href":"https:\/\/dfkschlesien.pl\/de\/wp-json\/wp\/v2\/pages\/11398\/revisions"}],"predecessor-version":[{"id":11498,"href":"https:\/\/dfkschlesien.pl\/de\/wp-json\/wp\/v2\/pages\/11398\/revisions\/11498"}],"wp:attachment":[{"href":"https:\/\/dfkschlesien.pl\/de\/wp-json\/wp\/v2\/media?parent=11398"}],"curies":[{"name":"wp","href":"https:\/\/api.w.org\/{rel}","templated":true}]}}