{"id":13305,"date":"2025-01-07T14:19:05","date_gmt":"2025-01-07T13:19:05","guid":{"rendered":"https:\/\/dfkschlesien.pl\/?page_id=13305"},"modified":"2026-01-14T08:25:31","modified_gmt":"2026-01-14T07:25:31","slug":"federalne-ministerstwo-spraw-wewnetrznych-i-ojczyzny-bmi","status":"publish","type":"page","link":"https:\/\/dfkschlesien.pl\/de\/o-nas\/finansowanie-finanzierung\/federalne-ministerstwo-spraw-wewnetrznych-i-ojczyzny-bmi\/","title":{"rendered":"Bundesministerium des Innern und f\u00fcr Heimat (BMi)"},"content":{"rendered":"<p>[vc_row][vc_column width=&#8221;1\/4&#8243;][vc_single_image image=&#8221;13296&#8243; img_size=&#8221;large&#8221;][\/vc_column][vc_column width=&#8221;3\/4&#8243;][vc_column_text]F\u00fcr das Jahr 2025 hat das Bundesministerium des Innern und f\u00fcr Heimat (BMI) Zusch\u00fcsse f\u00fcr folgende Projekte gewilligt:<\/p>\n<ol>\n<li><strong>Teilnahme einer Delegation an dem Deutschlandtreffen der Schlesier in Hannover<\/strong><\/li>\n<li><strong>Sprachworkshops mit Geschichte f\u00fcr Jugendliche<\/strong><\/li>\n<li><strong>Sprachcamp f\u00fcr Kinder und Jugendliche in Lubowitz<\/strong><\/li>\n<li><strong>Sommerwerkst\u00e4tte mit Sprache f\u00fcr Kinder und Jugendliche<\/strong><\/li>\n<li><strong>Hallenfu\u00dfballturnier<\/strong><\/li>\n<li><strong>Advents- und Weihnachtstreffen<\/strong><\/li>\n<li><strong>Personalkosten<\/strong><\/li>\n<li><strong>Zuwendung f\u00fcr Miete, Nebenkosten und Pauschale<\/strong><\/li>\n<\/ol>\n<p>[\/vc_column_text][\/vc_column][\/vc_row]<\/p>","protected":false},"excerpt":{"rendered":"<p>[vc_row][vc_column width=&#8221;1\/4&#8243;][vc_single_image image=&#8221;13296&#8243; img_size=&#8221;large&#8221;][\/vc_column][vc_column width=&#8221;3\/4&#8243;][vc_column_text]F\u00fcr das Jahr 2025 hat das Bundesministerium des Innern und f\u00fcr Heimat (BMI) Zusch\u00fcsse f\u00fcr folgende Projekte gewilligt: Teilnahme einer Delegation an dem Deutschlandtreffen der Schlesier in Hannover Sprachworkshops mit Geschichte f\u00fcr Jugendliche Sprachcamp f\u00fcr Kinder und Jugendliche in Lubowitz Sommerwerkst\u00e4tte mit Sprache f\u00fcr Kinder und Jugendliche Hallenfu\u00dfballturnier Advents- und Weihnachtstreffen [&hellip;]<\/p>\n","protected":false},"author":1,"featured_media":0,"parent":13294,"menu_order":0,"comment_status":"closed","ping_status":"closed","template":"","meta":[],"_links":{"self":[{"href":"https:\/\/dfkschlesien.pl\/de\/wp-json\/wp\/v2\/pages\/13305"}],"collection":[{"href":"https:\/\/dfkschlesien.pl\/de\/wp-json\/wp\/v2\/pages"}],"about":[{"href":"https:\/\/dfkschlesien.pl\/de\/wp-json\/wp\/v2\/types\/page"}],"author":[{"embeddable":true,"href":"https:\/\/dfkschlesien.pl\/de\/wp-json\/wp\/v2\/users\/1"}],"replies":[{"embeddable":true,"href":"https:\/\/dfkschlesien.pl\/de\/wp-json\/wp\/v2\/comments?post=13305"}],"version-history":[{"count":8,"href":"https:\/\/dfkschlesien.pl\/de\/wp-json\/wp\/v2\/pages\/13305\/revisions"}],"predecessor-version":[{"id":13634,"href":"https:\/\/dfkschlesien.pl\/de\/wp-json\/wp\/v2\/pages\/13305\/revisions\/13634"}],"up":[{"embeddable":true,"href":"https:\/\/dfkschlesien.pl\/de\/wp-json\/wp\/v2\/pages\/13294"}],"wp:attachment":[{"href":"https:\/\/dfkschlesien.pl\/de\/wp-json\/wp\/v2\/media?parent=13305"}],"curies":[{"name":"wp","href":"https:\/\/api.w.org\/{rel}","templated":true}]}}