{"id":13306,"date":"2025-01-07T14:19:08","date_gmt":"2025-01-07T13:19:08","guid":{"rendered":"https:\/\/dfkschlesien.pl\/?page_id=13306"},"modified":"2025-05-22T13:23:46","modified_gmt":"2025-05-22T11:23:46","slug":"ministerstwo-spraw-wewnetrznych-i-administracji-mswia","status":"publish","type":"page","link":"https:\/\/dfkschlesien.pl\/de\/o-nas\/finansowanie-finanzierung\/ministerstwo-spraw-wewnetrznych-i-administracji-mswia\/","title":{"rendered":"Polnisches Ministerium f\u00fcr Inneres und Verwaltung (MSWiA)"},"content":{"rendered":"<p>[vc_row][vc_column width=&#8221;1\/4&#8243;][vc_single_image image=&#8221;13297&#8243; img_size=&#8221;large&#8221;][\/vc_column][vc_column width=&#8221;3\/4&#8243;][vc_column_text]Die im Jahr 2025 durchgef\u00fchrten und durch das Innenministerium in Warschau gef\u00f6rderten Projekte, die als Ziel den Schutz der kulturellen Identit\u00e4t der nationalen und ethnischen Minderheiten haben, sowie auch der Bewahrung und Entwicklung der regionalen Sprache dienen.<\/p>\n<ol>\n<li>T\u00e4tigkeit der Kulturgruppen des DFK im Bezirk Schlesien 2025<\/li>\n<li>\u201eVor dem Vergessen bewahren \u2013 Gedenkfeierlichkeiten zur Oberschlesischen Trag\u00f6die\u201c<\/li>\n<li>24. Gesangwettbewerb im Bezirk Schlesien<\/li>\n<li>M\u00e4rchentreffen mit Andersen und den Gebr\u00fcdern Grimm<\/li>\n<li>Herausgabe, Schriftleitung und Vertrieb der Zeitschrift &#8220;Oberschlesische Stimme&#8221;<\/li>\n<li>Realisierung deutschsprachiger Radiosendungen<\/li>\n<li>Laufende T\u00e4tigkeit<\/li>\n<\/ol>\n<p><img loading=\"lazy\" class=\"wp-image-1678 size-medium aligncenter\" src=\"https:\/\/vdg.pl\/wp-content\/uploads\/2022\/03\/logo-dofinansowanie-PL-300x102.jpg\" sizes=\"(max-width: 300px) 100vw, 300px\" srcset=\"https:\/\/vdg.pl\/wp-content\/uploads\/2022\/03\/logo-dofinansowanie-PL-300x102.jpg 300w, https:\/\/vdg.pl\/wp-content\/uploads\/2022\/03\/logo-dofinansowanie-PL-1024x348.jpg 1024w, https:\/\/vdg.pl\/wp-content\/uploads\/2022\/03\/logo-dofinansowanie-PL-768x261.jpg 768w, https:\/\/vdg.pl\/wp-content\/uploads\/2022\/03\/logo-dofinansowanie-PL.jpg 1225w\" alt=\"\" width=\"300\" height=\"102\" \/>[\/vc_column_text][\/vc_column][\/vc_row]<\/p>","protected":false},"excerpt":{"rendered":"<p>[vc_row][vc_column width=&#8221;1\/4&#8243;][vc_single_image image=&#8221;13297&#8243; img_size=&#8221;large&#8221;][\/vc_column][vc_column width=&#8221;3\/4&#8243;][vc_column_text]Die im Jahr 2025 durchgef\u00fchrten und durch das Innenministerium in Warschau gef\u00f6rderten Projekte, die als Ziel den Schutz der kulturellen Identit\u00e4t der nationalen und ethnischen Minderheiten haben, sowie auch der Bewahrung und Entwicklung der regionalen Sprache dienen. T\u00e4tigkeit der Kulturgruppen des DFK im Bezirk Schlesien 2025 \u201eVor dem Vergessen bewahren \u2013 [&hellip;]<\/p>\n","protected":false},"author":1,"featured_media":0,"parent":13294,"menu_order":0,"comment_status":"closed","ping_status":"closed","template":"","meta":[],"_links":{"self":[{"href":"https:\/\/dfkschlesien.pl\/de\/wp-json\/wp\/v2\/pages\/13306"}],"collection":[{"href":"https:\/\/dfkschlesien.pl\/de\/wp-json\/wp\/v2\/pages"}],"about":[{"href":"https:\/\/dfkschlesien.pl\/de\/wp-json\/wp\/v2\/types\/page"}],"author":[{"embeddable":true,"href":"https:\/\/dfkschlesien.pl\/de\/wp-json\/wp\/v2\/users\/1"}],"replies":[{"embeddable":true,"href":"https:\/\/dfkschlesien.pl\/de\/wp-json\/wp\/v2\/comments?post=13306"}],"version-history":[{"count":9,"href":"https:\/\/dfkschlesien.pl\/de\/wp-json\/wp\/v2\/pages\/13306\/revisions"}],"predecessor-version":[{"id":13484,"href":"https:\/\/dfkschlesien.pl\/de\/wp-json\/wp\/v2\/pages\/13306\/revisions\/13484"}],"up":[{"embeddable":true,"href":"https:\/\/dfkschlesien.pl\/de\/wp-json\/wp\/v2\/pages\/13294"}],"wp:attachment":[{"href":"https:\/\/dfkschlesien.pl\/de\/wp-json\/wp\/v2\/media?parent=13306"}],"curies":[{"name":"wp","href":"https:\/\/api.w.org\/{rel}","templated":true}]}}